{"id":183,"date":"2011-05-06T18:09:43","date_gmt":"2011-05-06T18:09:43","guid":{"rendered":"http:\/\/nareshagarwal.wordpress.com\/?page_id=182"},"modified":"2026-02-05T18:34:52","modified_gmt":"2026-02-05T18:34:52","slug":"home","status":"publish","type":"page","link":"https:\/\/slis.simmons.edu\/naresh\/","title":{"rendered":"academia"},"content":{"rendered":"<table style=\"width: 100%;\">\n<tbody>\n<tr>\n<td width=\"160px\"><a href=\"https:\/\/slis.simmons.edu\/naresh\/wp-content\/uploads\/2012\/05\/TalkSikkim-March2011-NareshAgarwal.pdf\" target=\"_blank\" rel=\"noopener\"><img loading=\"lazy\" decoding=\"async\" style=\"padding: 6px;\" src=\"https:\/\/slis.simmons.edu\/naresh\/wp-content\/uploads\/2012\/05\/Naresh-200x200-white.jpg\" alt=\"Naresh Agarwal\" width=\"150\" height=\"150\" \/><\/a><br \/>\n<a href=\"http:\/\/en.wikipedia.org\/wiki\/Namaste\" target=\"_blank\" rel=\"noopener\"><img loading=\"lazy\" decoding=\"async\" style=\"float: left; margin: 5px 5px 5px 5px;\" src=\"http:\/\/www.wpclipart.com\/religion_mythology\/various\/praying_hands.png\" alt=\"\" width=\"20\" height=\"25\" \/><\/a>\u0928\u092e\u0938\u094d\u0924\u0947 Namast\u0113! My name is Naresh <a href=\"http:\/\/www.pronouncenames.com\/search?name=naresh\" target=\"_blank\" rel=\"noopener\"><img loading=\"lazy\" decoding=\"async\" src=\"https:\/\/slis.simmons.edu\/naresh\/wp-content\/uploads\/2013\/01\/listen.jpg\" width=\"10\" height=\"10\" \/><\/a> <a href=\"http:\/\/en.wikipedia.org\/wiki\/Agrawal\" target=\"_blank\" rel=\"noopener\">Agarwal<\/a> <a href=\"http:\/\/www.pronouncenames.com\/search?name=agarwal\" target=\"_blank\" rel=\"noopener\"><img loading=\"lazy\" decoding=\"async\" src=\"https:\/\/slis.simmons.edu\/naresh\/wp-content\/uploads\/2013\/01\/listen.jpg\" width=\"10\" height=\"10\" \/><\/a>.<\/p>\n<div style=\"font-size: 10px; color: #bbb;\">\u0928\u0930\u0947\u0936 nar\u0113\u015b = nar (man) + \u0113\u015b (God) = King = God among men.<\/div>\n<\/td>\n<td width=\"5px\"><\/td>\n<td style=\"background: #eee;\" width=\"5px\"><\/td>\n<td style=\"background: #eee;\" width=\"160px\">\n<h1>Research<\/h1>\n<p>My research interest\u00a0is in <a href=\"https:\/\/slis.simmons.edu\/naresh\/?page_id=885\">information behavior and knowledge management<\/a>. I am interested in studying how people go about looking for information and the contextual factors that impact the way people choose information sources. <a href=\"https:\/\/slis.simmons.edu\/naresh\/?page_id=885\">(&#8230;)<\/a><\/p>\n<p>&nbsp;<\/p>\n<p>Access my <a href=\"https:\/\/slis.simmons.edu\/naresh\/?page_id=475\">publications<\/a>.<\/td>\n<td style=\"background: #eee;\" width=\"5px\"><\/td>\n<td width=\"5px\"><\/td>\n<td width=\"160px\"><a href=\"https:\/\/slis.simmons.edu\/naresh\/wp-content\/uploads\/2012\/05\/trading_card_agarwal.pdf\" target=\"_blank\" rel=\"noopener\"><img loading=\"lazy\" decoding=\"async\" style=\"padding: 7px;\" src=\"https:\/\/slis.simmons.edu\/naresh\/wp-content\/uploads\/2012\/05\/tradingcard.jpg\" alt=\"\" width=\"35\" height=\"45\" align=\"left\" \/><\/a>I&#8217;m an Associate Professor at the <a href=\"http:\/\/www.simmons.edu\/gslis\/faculty\/fulltime\/agarwal.php\" target=\"_blank\" rel=\"noopener\">School of Library and Information Science<\/a> at Simmons College, Boston.<a href=\"https:\/\/slis.simmons.edu\/naresh\/wp-content\/uploads\/2011\/05\/CV-Naresh-6dec16.pdf\">Download my CV<\/a><\/p>\n<p>agarwal @simmons.edu<\/td>\n<\/tr>\n<tr>\n<td style=\"background: #eee;\">\n<h1>Service<\/h1>\n<p>Apart from service to the <a href=\"https:\/\/slis.simmons.edu\/naresh\/?page_id=943\">school<\/a> and <a href=\"https:\/\/slis.simmons.edu\/naresh\/?page_id=945\">college<\/a>, I&#8217;ve served in <a href=\"https:\/\/slis.simmons.edu\/naresh\/?page_id=947\">leadership roles at ASIS&amp;T<\/a>, the Association for Information Science &amp; Technology.<br \/>\nI am currently a <a href=\"http:\/\/www.asis.org\/Board\/boardmembers.html\" target=\"_blank\" rel=\"noopener\">Board Member<\/a> and <a href=\"http:\/\/www.asis.org\/Chapters\/chapterassembly.html\" target=\"_blank\" rel=\"noopener\">Director of the Chapter Assembly<\/a>. I was awarded the James M. Cretsos Leadership Award for 2012. <a title=\"click for more\" href=\"https:\/\/slis.simmons.edu\/naresh\/?page_id=14\">(&#8230;)<\/a><\/td>\n<td style=\"background: #eee;\"><\/td>\n<td><\/td>\n<td>\n<h1>Teaching<\/h1>\n<p>My <a href=\"https:\/\/slis.simmons.edu\/naresh\/?page_id=883\">teaching areas<\/a> are:<\/p>\n<p><a href=\"https:\/\/slis.simmons.edu\/naresh\/?page_id=856\">Technology<\/a> for Info. Profls.<br \/>\n<a href=\"https:\/\/slis.simmons.edu\/naresh\/?page_id=852\">Evaluation<\/a> of Info. Services<br \/>\n<a href=\"https:\/\/slis.simmons.edu\/naresh\/?page_id=858\">Knowledge Management<\/a><br \/>\nWeb Development \/ Info. Arch.<\/td>\n<td><\/td>\n<td style=\"background: #eee;\"><\/td>\n<td style=\"background: #eee;\"><a name=\"contact\"><\/a><\/p>\n<h1>Contact me<\/h1>\n<table>\n<tbody>\n<tr>\n<td><a href=\"mailto:nareshag@yahoo.com\"><img decoding=\"async\" title=\"Email me\" src=\"http:\/\/slis.simmons.edu\/naresh\/files\/2013\/01\/email.png\" alt=\"Email me\" \/><\/a><\/td>\n<td><a href=\"http:\/\/simmons.academia.edu\/NareshAgarwal\" target=\"_blank\" rel=\"noopener\"><img loading=\"lazy\" decoding=\"async\" title=\"See my research on Academia.edu\" src=\"https:\/\/slis.simmons.edu\/naresh\/wp-content\/uploads\/2013\/01\/academia.jpg\" alt=\"See my research on Academia.edu\" width=\"32\" height=\"26\" \/><\/a><\/td>\n<td><a href=\"http:\/\/www.facebook.com\/nareshag\" target=\"_blank\" rel=\"noopener\"><img decoding=\"async\" title=\"Find me on Facebook\" src=\"http:\/\/slis.simmons.edu\/naresh\/files\/2013\/01\/facebook.png\" alt=\"Find me on Facebook\" \/><\/a><\/td>\n<td><a href=\"http:\/\/www.twitter.com\/nareshag\" target=\"_blank\" rel=\"noopener\"><img decoding=\"async\" title=\"Find me on Twitter\" src=\"http:\/\/slis.simmons.edu\/naresh\/files\/2013\/01\/twitter.png\" alt=\"Find me on Twitter\" \/><\/a><\/td>\n<\/tr>\n<tr>\n<td><a href=\"http:\/\/pinterest.com\/nareshag\/\" target=\"_blank\" rel=\"noopener\"><img decoding=\"async\" title=\"Find me on Pinterest\" src=\"http:\/\/slis.simmons.edu\/naresh\/files\/2013\/01\/pinterest.png\" alt=\"Find me on Pinterest\" \/><\/a><\/td>\n<td><a href=\"http:\/\/picasaweb.google.com\/nareshag\" target=\"_blank\" rel=\"noopener\"><img decoding=\"async\" title=\"View my photos on Picasa\" src=\"http:\/\/slis.simmons.edu\/naresh\/files\/2013\/01\/picasa.png\" alt=\"View my photos on Picasa\" \/><\/a><\/td>\n<td><a href=\"http:\/\/www.youtube.com\/user\/nareshag\" target=\"_blank\" rel=\"noopener\"><img decoding=\"async\" title=\"Watch my videos on YouTube\" src=\"http:\/\/slis.simmons.edu\/naresh\/files\/2013\/01\/youtube.png\" alt=\"Watch my videos on YouTube\" \/><\/a><\/td>\n<td><a href=\"https:\/\/plus.google.com\/106036997884600551473\/posts#106036997884600551473\/posts\" target=\"_blank\" rel=\"noopener\"><img decoding=\"async\" title=\"Find me on Google Plus\" src=\"http:\/\/slis.simmons.edu\/naresh\/files\/2013\/01\/googleplus.png\" alt=\"Find me on Google Plus\" \/><\/a><\/td>\n<\/tr>\n<tr>\n<td><a href=\"http:\/\/www.linkedin.com\/in\/nareshag\" target=\"_blank\" rel=\"noopener\"><img decoding=\"async\" title=\"Find me on Linked In\" src=\"http:\/\/slis.simmons.edu\/naresh\/files\/2013\/01\/linkedin.png\" alt=\"Find me on Linked In\" \/><\/a><\/td>\n<td><a href=\"http:\/\/www.goodreads.com\/user\/show\/14767261-naresh-agarwal\" target=\"_blank\" rel=\"noopener\"><img decoding=\"async\" title=\"See books I've read\" src=\"http:\/\/slis.simmons.edu\/naresh\/files\/2013\/01\/goodreads.png\" alt=\"See books I've read\" \/><\/a><\/td>\n<td><a href=\"http:\/\/www.google.com\/talk\/service\/badge\/Show?tk=z01q6amlqsu6vf0p7phl2fh2gng03rq1nfukv7qdg641ujq2o2p68drruceosbcrfg15sg0pi6bc9kiv1rgkrs9j428rmkeagbk8mr5r3eti7fnhv33v43u0jbi3uenkikclngkmtgco7am4nbugfgfm3sjl07n1ee0c58qm7&amp;w=200&amp;h=60\" target=\"_blank\" rel=\"noopener\"><img decoding=\"async\" title=\"Call me using Google Talk\" src=\"http:\/\/slis.simmons.edu\/naresh\/files\/2013\/01\/talk.png\" alt=\"Call me using Google Talk\" \/><\/a><\/td>\n<td><a href=\"http:\/\/slis.simmons.edu\/naresh\/wp-login.php\" target=\"_blank\" rel=\"noopener\"><img decoding=\"async\" title=\"Wordpress Login for Naresh\" src=\"https:\/\/slis.simmons.edu\/naresh\/wp-content\/uploads\/2013\/01\/wordpress.png\" alt=\"Wordpress Login for Naresh\" \/><\/a><\/td>\n<\/tr>\n<\/tbody>\n<\/table>\n<\/td>\n<\/tr>\n<tr>\n<td>\n<h1>Timeline<\/h1>\n<p>I got my Ph.D. from<br \/>\n<a href=\"http:\/\/www.comp.nus.edu.sg\/is\" target=\"_blank\" rel=\"noopener\"><img loading=\"lazy\" decoding=\"async\" style=\"margin: 0px 0px 10px 0px;\" src=\"https:\/\/slis.simmons.edu\/naresh\/wp-content\/uploads\/2012\/05\/nus_soc-300x166.jpg\" alt=\"\" width=\"150\" height=\"100\" \/><\/a><br \/>\nPrior to entering the Ph.D. program at NUS, I worked for six years in <a href=\"https:\/\/slis.simmons.edu\/naresh\/?page_id=960\">technology roles<\/a> in the voice-over-IP, bioInformatics and digital cinema industries. See my <a href=\"https:\/\/slis.simmons.edu\/naresh\/?page_id=52\">timeline<\/a> spanning employment to education (<a href=\"https:\/\/slis.simmons.edu\/naresh\/?page_id=955\">nus<\/a>, <a href=\"https:\/\/slis.simmons.edu\/naresh\/timeline\/1995-onwards-ntu\/\">ntu<\/a>, <a href=\"https:\/\/slis.simmons.edu\/naresh\/?page_id=962\">tna<\/a>) to <a href=\"https:\/\/slis.simmons.edu\/naresh\/?page_id=964\">growing up<\/a>.<\/td>\n<td><\/td>\n<td style=\"background: #eee;\"><\/td>\n<td style=\"background: #eee;\">\n<h1>Oneness<\/h1>\n<p><a title=\"How to be similar\" href=\"http:\/\/slis.simmons.edu\/medialab\/2012\/04\/27\/lissa-gslis-talks-ideas-worth-spreading-naresh-agarwal-video\/\" target=\"_blank\" rel=\"noopener\"><img decoding=\"async\" style=\"margin: 0px 0px 10px 10px;\" src=\"https:\/\/slis.simmons.edu\/naresh\/wp-content\/uploads\/2013\/01\/lissatalk.jpg\" width=\"150px\" \/><\/a><br \/>\nI endeavor to <a href=\"https:\/\/slis.simmons.edu\/naresh\/?page_id=43\">identify<\/a> with each person and see <a href=\"https:\/\/slis.simmons.edu\/naresh\/oneness\/happiness\/\">happiness<\/a> as a decision. Learn about <a href=\"https:\/\/slis.simmons.edu\/naresh\/oneness\/happiness\/\">my 7 commandments<\/a> in life, <a href=\"https:\/\/slis.simmons.edu\/naresh\/?page_id=980\">identity<\/a>, my <a href=\"https:\/\/slis.simmons.edu\/naresh\/?page_id=978\">thoughts<\/a> and work on the <a href=\"https:\/\/slis.simmons.edu\/naresh\/?page_id=991\">Bhagavad Gita<\/a>. See my <a href=\"https:\/\/slis.simmons.edu\/naresh\/?page_id=1020\">beautiful people<\/a> album and meet my <a href=\"https:\/\/slis.simmons.edu\/naresh\/?page_id=998\">family<\/a>, <a href=\"http:\/\/slis.simmons.edu\/naresh\/?page_id=996\">friends<\/a> and <a href=\"https:\/\/slis.simmons.edu\/naresh\/?page_id=976\">me<\/a>.<\/p>\n<p><em>Be happy always!<\/em><\/td>\n<td style=\"background: #eee;\"><\/td>\n<td><\/td>\n<td>\n<h1>Creativity<\/h1>\n<p><a href=\"http:\/\/slis.simmons.edu\/naresh\/?page_id=1254\"><img loading=\"lazy\" decoding=\"async\" class=\"paintingframe\" style=\"margin: 0px 0px 10px 0px;\" src=\"https:\/\/slis.simmons.edu\/naresh\/wp-content\/uploads\/2012\/05\/rajasthaniwomen.jpg\" alt=\"\" width=\"150\" height=\"106\" \/><\/a><br \/>\nI&#8217;ve been a debater and public speaker and like to <a href=\"https:\/\/slis.simmons.edu\/naresh\/?page_id=67\">paint<\/a> in oil and watercolor in my free time. I have engaged in <a href=\"https:\/\/slis.simmons.edu\/naresh\/?page_id=475\">professional<\/a> and informal writing (<a href=\"https:\/\/slis.simmons.edu\/naresh\/?page_id=993\">blog<\/a>), <a href=\"https:\/\/slis.simmons.edu\/naresh\/?page_id=1035\">poetry<\/a>, <a href=\"https:\/\/slis.simmons.edu\/naresh\/?page_id=1039\">acting \/ modeling<\/a>, among <a href=\"https:\/\/slis.simmons.edu\/naresh\/?page_id=156\">other things<\/a>.<\/td>\n<\/tr>\n<tr>\n<td style=\"background: #eee;\">\n<h1>Places<\/h1>\n<p>Know about my home-state <a href=\"https:\/\/slis.simmons.edu\/naresh\/?page_id=297\">Sikkim<\/a> and <a href=\"https:\/\/slis.simmons.edu\/naresh\/?page_id=306\">India<\/a>, about <a href=\"https:\/\/slis.simmons.edu\/naresh\/?page_id=308\">Singapore<\/a> where I spent 14 years, about the <a href=\"https:\/\/slis.simmons.edu\/naresh\/?page_id=310\">USA<\/a> where I live now and my <a href=\"https:\/\/slis.simmons.edu\/naresh\/?page_id=312\">travels<\/a> to other countries.<\/td>\n<td style=\"background: #eee;\"><\/td>\n<td><\/td>\n<td>\n<h1>Site Map<\/h1>\n<p>Find your way around the website by accessing the site map at the bottom of each page.<\/td>\n<td><\/td>\n<td style=\"background: #eee;\"><\/td>\n<td style=\"background: #eee;\">\n<h1>Blog<\/h1>\n<p>Access my personal <a href=\"https:\/\/slis.simmons.edu\/naresh\/creativity\/blog-2\/\">blog<\/a>, which I update every once in a long while.<\/td>\n<\/tr>\n<\/tbody>\n<\/table>\n","protected":false},"excerpt":{"rendered":"<p>\u0928\u092e\u0938\u094d\u0924\u0947 Namast\u0113! My name is Naresh Agarwal . \u0928\u0930\u0947\u0936 nar\u0113\u015b = nar (man) + \u0113\u015b (God) = King = God among men. Research My research interest\u00a0is in information behavior and knowledge management. I am interested in studying how people go &hellip; <a href=\"https:\/\/slis.simmons.edu\/naresh\/\">Continue reading <span class=\"meta-nav\">&rarr;<\/span><\/a><\/p>\n","protected":false},"author":2,"featured_media":0,"parent":43,"menu_order":7,"comment_status":"open","ping_status":"closed","template":"","meta":{"footnotes":""},"class_list":["post-183","page","type-page","status-publish","hentry"],"_links":{"self":[{"href":"https:\/\/slis.simmons.edu\/naresh\/wp-json\/wp\/v2\/pages\/183","targetHints":{"allow":["GET"]}}],"collection":[{"href":"https:\/\/slis.simmons.edu\/naresh\/wp-json\/wp\/v2\/pages"}],"about":[{"href":"https:\/\/slis.simmons.edu\/naresh\/wp-json\/wp\/v2\/types\/page"}],"author":[{"embeddable":true,"href":"https:\/\/slis.simmons.edu\/naresh\/wp-json\/wp\/v2\/users\/2"}],"replies":[{"embeddable":true,"href":"https:\/\/slis.simmons.edu\/naresh\/wp-json\/wp\/v2\/comments?post=183"}],"version-history":[{"count":1,"href":"https:\/\/slis.simmons.edu\/naresh\/wp-json\/wp\/v2\/pages\/183\/revisions"}],"predecessor-version":[{"id":6320,"href":"https:\/\/slis.simmons.edu\/naresh\/wp-json\/wp\/v2\/pages\/183\/revisions\/6320"}],"up":[{"embeddable":true,"href":"https:\/\/slis.simmons.edu\/naresh\/wp-json\/wp\/v2\/pages\/43"}],"wp:attachment":[{"href":"https:\/\/slis.simmons.edu\/naresh\/wp-json\/wp\/v2\/media?parent=183"}],"curies":[{"name":"wp","href":"https:\/\/api.w.org\/{rel}","templated":true}]}}